{"id":507,"date":"2019-08-05T20:51:08","date_gmt":"2019-08-05T18:51:08","guid":{"rendered":"https:\/\/www.proyectometal.com\/?post_type=product&#038;p=507"},"modified":"2019-08-05T23:46:17","modified_gmt":"2019-08-05T21:46:17","slug":"toldos-de-entrada-01","status":"publish","type":"product","link":"https:\/\/www.proyectometal.com\/?product=toldos-de-entrada-01","title":{"rendered":"Toldos de Entrada 01"},"content":{"rendered":"","protected":false},"excerpt":{"rendered":"<p style=\"text-align: justify;\">Los toldos de entrada no solo brindan refugio a quienes entran o salen del edificio, sino que tambi\u00e9n brindan una entrada atractiva que crea una buena primera impresi\u00f3n para todos los visitantes. Es bien sabido que las primeras impresiones son cruciales, ya que a menudo se transforman en impresiones duraderas y, por lo tanto, desea presentar la mejor apariencia posible.<\/p>\n<p style=\"text-align: justify;\">Al tener un toldo de entrada instalado, no solo proteger\u00e1 temporalmente a los visitantes del clima, sino que tambi\u00e9n crear\u00e1 un ambiente acogedor para los visitantes a su llegada.<\/p>\n<p style=\"text-align: justify;\">Los especialistas en estructuras de acero, PROYECTO METAL, ofrecen un servicio de dise\u00f1o y construcci\u00f3n para crear un toldo de entrada o refugio que sea el m\u00e1s adecuado para su edificio.<\/p>\n<p style=\"text-align: justify;\">Si desea seguir un dise\u00f1o en particular, PROYECTO METAL tambi\u00e9n puede fabricar sus toldos o refugios de entrada de acero personalizados.<\/p>\n<p style=\"text-align: justify;\">Simplemente p\u00f3ngase en contacto con nosotros en PROYECTO METAL y podremos comenzar a trabajar en dise\u00f1os que personalizan su edificio y le dan algo de car\u00e1cter.<\/p>\n<p style=\"text-align: justify;\">Si est\u00e1 interesado en un toldo o refugio de entrada y desea obtener m\u00e1s informaci\u00f3n, comun\u00edquese con nosotros.<\/p>\n","protected":false},"featured_media":508,"comment_status":"open","ping_status":"closed","template":"","meta":[],"_links":{"self":[{"href":"https:\/\/www.proyectometal.com\/index.php?rest_route=\/wp\/v2\/product\/507"}],"collection":[{"href":"https:\/\/www.proyectometal.com\/index.php?rest_route=\/wp\/v2\/product"}],"about":[{"href":"https:\/\/www.proyectometal.com\/index.php?rest_route=\/wp\/v2\/types\/product"}],"replies":[{"embeddable":true,"href":"https:\/\/www.proyectometal.com\/index.php?rest_route=%2Fwp%2Fv2%2Fcomments&post=507"}],"wp:featuredmedia":[{"embeddable":true,"href":"https:\/\/www.proyectometal.com\/index.php?rest_route=\/wp\/v2\/media\/508"}],"wp:attachment":[{"href":"https:\/\/www.proyectometal.com\/index.php?rest_route=%2Fwp%2Fv2%2Fmedia&parent=507"}],"curies":[{"name":"wp","href":"https:\/\/api.w.org\/{rel}","templated":true}]}}