{"id":474,"date":"2019-08-05T20:25:05","date_gmt":"2019-08-05T18:25:05","guid":{"rendered":"https:\/\/www.proyectometal.com\/?post_type=product&#038;p=474"},"modified":"2019-08-06T17:05:22","modified_gmt":"2019-08-06T15:05:22","slug":"plataformas-de-acceso-04","status":"publish","type":"product","link":"https:\/\/www.proyectometal.com\/?product=plataformas-de-acceso-04","title":{"rendered":"Plataformas de Acceso 04"},"content":{"rendered":"","protected":false},"excerpt":{"rendered":"<p style=\"text-align: justify;\">Plataformas de acceso<\/p>\n<p style=\"text-align: justify;\">DISE\u00d1ADO \/ FABRICADO \/ INSTALADO<\/p>\n<p style=\"text-align: justify;\">PROYECTO METAL son expertos en la creaci\u00f3n de pasillos, escaleras y plataformas de trabajo seguros para lugares de trabajo industriales, comerciales y de cualquier otro tipo. Tanto interna como externamente.<\/p>\n<p style=\"text-align: justify;\">Esto tambi\u00e9n incluye nuestras escaleras permanentes para:<\/p>\n<p style=\"text-align: justify;\">Acceso seguro al techo.<\/p>\n<p style=\"text-align: justify;\">Plataformas de plantas.<\/p>\n<p style=\"text-align: justify;\">Escotillas de techo.<\/p>\n<p style=\"text-align: justify;\">Puntos de acceso de escalera.<\/p>\n<p style=\"text-align: justify;\">Podemos dise\u00f1ar escaleras o sistemas de pasillos, para cualquier techo y para cualquier situaci\u00f3n que pueda requerir un acceso seguro a sus servicios.<\/p>\n<p style=\"text-align: justify;\">Realmente apreciamos la calidad, la conveniencia y el precio son importantes para nuestros clientes. Por lo tanto, tenemos una amplia gama de escaleras superiores de acceso y escape que pueden ser dise\u00f1adas por nuestros ingenieros o hechas a pedido de sus especificaciones de dise\u00f1o.<\/p>\n<p style=\"text-align: justify;\">Si desea obtener m\u00e1s informaci\u00f3n sobre la creaci\u00f3n de pasillos, escaleras y plataformas de trabajo, cont\u00e1ctenos.<\/p>\n","protected":false},"featured_media":481,"comment_status":"open","ping_status":"closed","template":"","meta":[],"_links":{"self":[{"href":"https:\/\/www.proyectometal.com\/index.php?rest_route=\/wp\/v2\/product\/474"}],"collection":[{"href":"https:\/\/www.proyectometal.com\/index.php?rest_route=\/wp\/v2\/product"}],"about":[{"href":"https:\/\/www.proyectometal.com\/index.php?rest_route=\/wp\/v2\/types\/product"}],"replies":[{"embeddable":true,"href":"https:\/\/www.proyectometal.com\/index.php?rest_route=%2Fwp%2Fv2%2Fcomments&post=474"}],"wp:featuredmedia":[{"embeddable":true,"href":"https:\/\/www.proyectometal.com\/index.php?rest_route=\/wp\/v2\/media\/481"}],"wp:attachment":[{"href":"https:\/\/www.proyectometal.com\/index.php?rest_route=%2Fwp%2Fv2%2Fmedia&parent=474"}],"curies":[{"name":"wp","href":"https:\/\/api.w.org\/{rel}","templated":true}]}}