{"id":445,"date":"2019-08-05T18:08:55","date_gmt":"2019-08-05T16:08:55","guid":{"rendered":"https:\/\/www.proyectometal.com\/?post_type=product&#038;p=445"},"modified":"2019-08-06T17:15:53","modified_gmt":"2019-08-06T15:15:53","slug":"mezanine-industrial-12","status":"publish","type":"product","link":"https:\/\/www.proyectometal.com\/?product=mezanine-industrial-12","title":{"rendered":"Mezanine Industrial 12"},"content":{"rendered":"","protected":false},"excerpt":{"rendered":"<p style=\"text-align: justify;\">Un entresuelo de acero o un \u00e1rea de almacenamiento elevada pueden proporcionar espacio de trabajo adicional y espacio de oficina sin tener que construir su edificio actual o reubicar su negocio.<\/p>\n<p style=\"text-align: justify;\">PROYECTO METAL\u00a0 se especializa en formas innovadoras y de calidad para aprovechar al m\u00e1ximo su espacio no utilizado. La instalaci\u00f3n de un entresuelo puede ampliar su capacidad de producci\u00f3n y mejorar la eficiencia operativa. Ayud\u00e1ndole as\u00ed a aumentar la productividad de manera efectiva y econ\u00f3mica. Puede crear oficinas adicionales o ampliar sus \u00e1reas de venta.<\/p>\n<p style=\"text-align: justify;\">Su entrepiso no depende del edificio para soporte y puede ser utilizado como una estructura independiente o puede combinarse con su equipo existente.<\/p>\n<p style=\"text-align: justify;\">Nuestros pisos mezzanine est\u00e1n dise\u00f1ados y dise\u00f1ados individualmente para satisfacer sus necesidades espec\u00edficas.<\/p>\n<ul style=\"text-align: justify;\">\n<li>Maximizar el espacio de piso existente en \u00e1reas rentables rentables<\/li>\n<li>Aumente las \u00e1reas rentables de NET utilizando alturas de construcci\u00f3n completas<\/li>\n<li>Totalmente dise\u00f1ado y certificado para cargas de 500kg \/ m\u00b2.<\/li>\n<li>Escaleras y balaustradas fabricadas en metal.<\/li>\n<\/ul>\n<p style=\"text-align: justify;\">\u00a1AUMENTA EL ESPACIO DE PISO VALORABLE SIN UNA NUEVA CONSTRUCCI\u00d3N<\/p>\n","protected":false},"featured_media":463,"comment_status":"open","ping_status":"closed","template":"","meta":[],"_links":{"self":[{"href":"https:\/\/www.proyectometal.com\/index.php?rest_route=\/wp\/v2\/product\/445"}],"collection":[{"href":"https:\/\/www.proyectometal.com\/index.php?rest_route=\/wp\/v2\/product"}],"about":[{"href":"https:\/\/www.proyectometal.com\/index.php?rest_route=\/wp\/v2\/types\/product"}],"replies":[{"embeddable":true,"href":"https:\/\/www.proyectometal.com\/index.php?rest_route=%2Fwp%2Fv2%2Fcomments&post=445"}],"wp:featuredmedia":[{"embeddable":true,"href":"https:\/\/www.proyectometal.com\/index.php?rest_route=\/wp\/v2\/media\/463"}],"wp:attachment":[{"href":"https:\/\/www.proyectometal.com\/index.php?rest_route=%2Fwp%2Fv2%2Fmedia&parent=445"}],"curies":[{"name":"wp","href":"https:\/\/api.w.org\/{rel}","templated":true}]}}