{"id":904,"date":"2019-08-13T17:07:15","date_gmt":"2019-08-13T15:07:15","guid":{"rendered":"https:\/\/www.proyectometal.com\/?page_id=904"},"modified":"2019-08-13T17:09:53","modified_gmt":"2019-08-13T15:09:53","slug":"reforma-de-portones-existentes","status":"publish","type":"page","link":"https:\/\/www.proyectometal.com\/?page_id=904","title":{"rendered":"Reforma de Portones Existentes"},"content":{"rendered":"<p><img loading=\"lazy\" class=\"alignnone  wp-image-270 aligncenter\" src=\"https:\/\/www.proyectometal.com\/wp-content\/uploads\/2019\/07\/Logo-Proyecto-Metal-FN-PNG-1.png\" alt=\"\" width=\"546\" height=\"483\" srcset=\"https:\/\/www.proyectometal.com\/wp-content\/uploads\/2019\/07\/Logo-Proyecto-Metal-FN-PNG-1.png 877w, https:\/\/www.proyectometal.com\/wp-content\/uploads\/2019\/07\/Logo-Proyecto-Metal-FN-PNG-1-300x265.png 300w, https:\/\/www.proyectometal.com\/wp-content\/uploads\/2019\/07\/Logo-Proyecto-Metal-FN-PNG-1-768x680.png 768w, https:\/\/www.proyectometal.com\/wp-content\/uploads\/2019\/07\/Logo-Proyecto-Metal-FN-PNG-1-600x531.png 600w\" sizes=\"(max-width: 546px) 100vw, 546px\" \/><\/p>\n<h4 style=\"text-align: justify;\">Ofrecemos la soluci\u00f3n m\u00e1s completa a la hora de modificar su antigua entrada de garaje, haci\u00e9ndonos cargo por completo del servicio, sin necesidad de llamar alba\u00f1iles y carpinteros. Brindamos la posibilidad de que usted no pase un solo d\u00eda sin poder utilizar la cochera. Ya sea un port\u00f3n de hojas batientes, o un corredizo tipo roma, la soluci\u00f3n definitiva, c\u00f3moda y segura la tenemos nosotros.<\/h4>\n","protected":false},"excerpt":{"rendered":"<p>Ofrecemos la soluci\u00f3n m\u00e1s completa a la hora de modificar su antigua entrada de garaje, haci\u00e9ndonos cargo por completo del servicio, sin necesidad de llamar alba\u00f1iles y carpinteros. Brindamos la posibilidad de que usted no pase un solo d\u00eda sin<a class=\"main-btn main-btn-primary main-btn-small moretag\" href=\"https:\/\/www.proyectometal.com\/?page_id=904\"> \u00a1Me interesa!<\/a><\/p>\n","protected":false},"author":1,"featured_media":0,"parent":0,"menu_order":0,"comment_status":"closed","ping_status":"closed","template":"elementor_header_footer","meta":[],"_links":{"self":[{"href":"https:\/\/www.proyectometal.com\/index.php?rest_route=\/wp\/v2\/pages\/904"}],"collection":[{"href":"https:\/\/www.proyectometal.com\/index.php?rest_route=\/wp\/v2\/pages"}],"about":[{"href":"https:\/\/www.proyectometal.com\/index.php?rest_route=\/wp\/v2\/types\/page"}],"author":[{"embeddable":true,"href":"https:\/\/www.proyectometal.com\/index.php?rest_route=\/wp\/v2\/users\/1"}],"replies":[{"embeddable":true,"href":"https:\/\/www.proyectometal.com\/index.php?rest_route=%2Fwp%2Fv2%2Fcomments&post=904"}],"version-history":[{"count":3,"href":"https:\/\/www.proyectometal.com\/index.php?rest_route=\/wp\/v2\/pages\/904\/revisions"}],"predecessor-version":[{"id":907,"href":"https:\/\/www.proyectometal.com\/index.php?rest_route=\/wp\/v2\/pages\/904\/revisions\/907"}],"wp:attachment":[{"href":"https:\/\/www.proyectometal.com\/index.php?rest_route=%2Fwp%2Fv2%2Fmedia&parent=904"}],"curies":[{"name":"wp","href":"https:\/\/api.w.org\/{rel}","templated":true}]}}